{"id":3796,"date":"2020-03-05T17:38:39","date_gmt":"2020-03-05T17:38:39","guid":{"rendered":"http:\/\/golandpop.com\/?page_id=3796"},"modified":"2026-01-20T18:21:04","modified_gmt":"2026-01-20T21:21:04","slug":"acerca-de-nosotros","status":"publish","type":"page","link":"https:\/\/golandpop.com\/index.php\/acerca-de-nosotros\/","title":{"rendered":"Acerca de nosotros"},"content":{"rendered":"\n<p class=\"has-text-align-left\">Somos GolandPop, plataforma multimedia que abarca radio, web y redes sociales. Hacemos una cobertura integral de los eventos m\u00e1s importantes del deporte nacional e internacional.<\/p>\n\n\n\n<p class=\"has-text-align-left\">Somos los creadores de la Cadena GolandPop, una red colaborativa de contenidos federales, que transmite para m\u00e1s de 80 medios en toda la Argentina, Am\u00e9rica Latina (Uruguay, Bolivia, Ecuador y Per\u00fa) y Europa (Francia y Espa\u00f1a).<\/p>\n\n\n\n<figure class=\"wp-block-image size-large\"><img fetchpriority=\"high\" decoding=\"async\" width=\"723\" height=\"1024\" src=\"https:\/\/golandpop.com\/wp-content\/uploads\/2021\/05\/Copia-de-Radio-Centro-723x1024.jpg\" alt=\"\" class=\"wp-image-10133\" srcset=\"https:\/\/golandpop.com\/wp-content\/uploads\/2021\/05\/Copia-de-Radio-Centro-723x1024.jpg 723w, https:\/\/golandpop.com\/wp-content\/uploads\/2021\/05\/Copia-de-Radio-Centro-212x300.jpg 212w, https:\/\/golandpop.com\/wp-content\/uploads\/2021\/05\/Copia-de-Radio-Centro-768x1088.jpg 768w, https:\/\/golandpop.com\/wp-content\/uploads\/2021\/05\/Copia-de-Radio-Centro-1085x1536.jpg 1085w, https:\/\/golandpop.com\/wp-content\/uploads\/2021\/05\/Copia-de-Radio-Centro.jpg 1134w\" sizes=\"(max-width: 723px) 100vw, 723px\" \/><\/figure>\n\n\n\n<p>\u00bfDONDE NOS PODES ESCUCHAR?<\/p>\n\n\n\n<ul class=\"wp-block-list\">\n<li><strong>C\u00d3RDOBA<\/strong><\/li>\n\n\n\n<li>Radio Continental C\u00f3rdoba FM 103.5<\/li>\n\n\n\n<li>FM Tradici\u00f3n 93.9, R\u00edo Tercero<\/li>\n\n\n\n<li>Century Radio FM 94.9, Alta Gracia<\/li>\n\n\n\n<li>FM Stereo 105.1, Buchardo<\/li>\n\n\n\n<li>FM Contacto 103.5, Villa del Rosario<\/li>\n\n\n\n<li>Arco Iris FM 89.9, Santa Mar\u00eda de Punilla<\/li>\n\n\n\n<li>Radio del Sur FM 96.7, Ital\u00f3<\/li>\n\n\n\n<li>Radio Tendencia Online, Villa Concepci\u00f3n del T\u00edo<\/li>\n\n\n\n<li>Radio Pueblo 103.3, Dean Funes<\/li>\n\n\n\n<li>FM Perfil 94.1, Jovita<\/li>\n\n\n\n<li>Cooperativa 99.9, Anisacate<\/li>\n\n\n\n<li>FM Samba 93.1, San Basilio<\/li>\n\n\n\n<li>Radio Ciudad M\u00e1gica 105.1, Ausonia<\/li>\n\n\n\n<li>L\u00edder 102.1, Villa de Mar\u00eda del Rio Seco y la Red Argentina de noticias<\/li>\n\n\n\n<li>Radio Centro FM 104.1, Santa Rosa Calamuchita<\/li>\n\n\n\n<li>FM Morrison FM 104.3, Morrison<\/li>\n\n\n\n<li>Radio Adelia Mar\u00eda 100.5, Adelia Mar\u00eda<\/li>\n\n\n\n<li>Central Ferroviaria FM 107.7, Cruz del Eje<\/li>\n\n\n\n<li>Radio T\u00e1ctica, Capital<\/li>\n\n\n\n<li>FM Achala 98.9, Mina Clavero<\/li>\n\n\n\n<li>FM Delta 98.9, T\u00edo Pujio<\/li>\n\n\n\n<li>FM Sol 92.9, R\u00edo Cuarto<\/li>\n\n\n\n<li>Radio \u00danica 88.5, Oliva<\/li>\n\n\n\n<li>FM Alegr\u00eda 91.5, R\u00edo Cuarto<\/li>\n\n\n\n<li>Sierras de Comechingones FM 90.9, Villa El Chacay<\/li>\n<\/ul>\n\n\n\n<ul class=\"wp-block-list\">\n<li><strong>BUENOS AIRES<\/strong><\/li>\n\n\n\n<li>Show Radio 101.3, Pergamino<\/li>\n\n\n\n<li>FM Oce\u00e1nica 90.3, Villa Gesell<\/li>\n\n\n\n<li>Radio Olivera AM 1590, General Rodr\u00edguez <\/li>\n\n\n\n<li>Okey FM 98.1, General Rodr\u00edguez<\/li>\n\n\n\n<li>FM Power 104.3, Trenque Lauquen<\/li>\n\n\n\n<li>Radio Mix FM 90.9, Necochea<\/li>\n\n\n\n<li>La Costa FM 107.3, Oriente<\/li>\n<\/ul>\n\n\n\n<ul class=\"wp-block-list\">\n<li><strong>CATAMARCA<\/strong><\/li>\n\n\n\n<li>Lithium 95.5, Ica\u00f1o<\/li>\n\n\n\n<li>Radio Delta 101.3, Capital<\/li>\n\n\n\n<li>Radio Ba\u00f1ado 101.7, Ba\u00f1ado de Ovanta- Catamarca<\/li>\n<\/ul>\n\n\n\n<ul class=\"wp-block-list\">\n<li><strong>CHACO<\/strong><\/li>\n\n\n\n<li>Radio Ciudad 106.1, Castelli<\/li>\n\n\n\n<li>Radio M\u00e1gica 99.9, Barranqueras<\/li>\n<\/ul>\n\n\n\n<ul class=\"wp-block-list\">\n<li><strong>CHUBUT<\/strong><\/li>\n\n\n\n<li>Emece Radio 105.3, Comodoro Rivadavia<\/li>\n<\/ul>\n\n\n\n<ul class=\"wp-block-list\">\n<li><strong>CIUDAD AUT\u00d3NOMA DE BUENOS AIRES<\/strong><\/li>\n\n\n\n<li>G\u00fcemes AM 1050<\/li>\n<\/ul>\n\n\n\n<ul class=\"wp-block-list\">\n<li><strong>CORRIENTES<\/strong><\/li>\n\n\n\n<li>FM Sol 98.9, Virasoro <\/li>\n<\/ul>\n\n\n\n<ul class=\"wp-block-list\">\n<li><strong>ENTRE R\u00cdOS<\/strong><\/li>\n\n\n\n<li>RF Radio 102.7, Concordia<\/li>\n\n\n\n<li>Emisora Regional 97.3, Oro Verde<\/li>\n\n\n\n<li>Magazine Radio, Diamante<\/li>\n\n\n\n<li>Radiovisi\u00f3n San Isidro 101.1, El Cimarr\u00f3n<\/li>\n\n\n\n<li>FM Ciudad 97.3, Urdinarrain<\/li>\n<\/ul>\n\n\n\n<ul class=\"wp-block-list\">\n<li><strong>FORMOSA<\/strong><\/li>\n\n\n\n<li>Radio Amistad 88.9, Formosa Capital<\/li>\n\n\n\n<li>La Nueva RPM FM 106.7, El Colorado<\/li>\n<\/ul>\n\n\n\n<ul class=\"wp-block-list\">\n<li><strong>JUJUY<\/strong><\/li>\n\n\n\n<li>Fm Estelar 105.7, Palpal\u00e1<\/li>\n\n\n\n<li>Frecuencia Calilegua FM 106.7, Calilegua<\/li>\n<\/ul>\n\n\n\n<ul class=\"wp-block-list\">\n<li><strong>LA PAMPA<\/strong><\/li>\n\n\n\n<li>Radio Exa 102.9, 25 De Mayo<\/li>\n<\/ul>\n\n\n\n<ul class=\"wp-block-list\">\n<li><strong>MENDOZA<\/strong><\/li>\n\n\n\n<li>Radio Popular 105.7, Rivadavia<\/li>\n\n\n\n<li>FM Magia 96.9, Costa de Araujo<\/li>\n\n\n\n<li>Radio \u00danica, Alvear<\/li>\n<\/ul>\n\n\n\n<ul class=\"wp-block-list\">\n<li><strong>MISIONES<\/strong><\/li>\n\n\n\n<li>Alto Uruguay 100.3, San Javier<\/li>\n\n\n\n<li>Radio Activa 100.9, Wanda<\/li>\n\n\n\n<li>Fm Acuario 97.5, Alem<\/li>\n\n\n\n<li>Radio La Estaci\u00f3n, San Vicente<\/li>\n<\/ul>\n\n\n\n<ul class=\"wp-block-list\">\n<li><strong>SALTA<\/strong><\/li>\n\n\n\n<li>Fm Grafiti 89.5, Capital<\/li>\n\n\n\n<li>Ciudad FM 88.1, Tartagal<\/li>\n\n\n\n<li>FM Cachi 101.3, Cachi<\/li>\n\n\n\n<li>Radio L\u00edder Bermejo 102.3, Aguas Blancas<\/li>\n\n\n\n<li>FM Nuevo Aire 91.7, San Carlos<\/li>\n\n\n\n<li>FM San Isidro 102.5, El Mollar <\/li>\n\n\n\n<li>FM Ruta 51 105.1, San Luis<\/li>\n\n\n\n<li>Radio Power 107.1, San Antonio de los Cobres<\/li>\n\n\n\n<li>Radio Ciudad FM 100.9, San Jos\u00e9 de Met\u00e1n<\/li>\n\n\n\n<li>FM Intensidad 97.1, Cafayate<\/li>\n<\/ul>\n\n\n\n<ul class=\"wp-block-list\">\n<li><strong>SAN JUAN<\/strong><\/li>\n\n\n\n<li>Radio Zeta 94.7, Capital<\/li>\n<\/ul>\n\n\n\n<ul class=\"wp-block-list\">\n<li><strong>SAN LUIS<\/strong><\/li>\n\n\n\n<li>Info VM, Villa Mercedes<\/li>\n<\/ul>\n\n\n\n<ul class=\"wp-block-list\">\n<li><strong>SANTA CRUZ<\/strong><\/li>\n\n\n\n<li>Radio al Sur 98.3, R\u00edo Gallegos<\/li>\n\n\n\n<li>FM Sensaciones FM 90.1, Perito Moreno<\/li>\n\n\n\n<li>Repetidora FM Sensaciones FM 105.1, Los Antiguos<\/li>\n<\/ul>\n\n\n\n<ul class=\"wp-block-list\">\n<li><strong>SANTA FE<\/strong><\/li>\n\n\n\n<li>FM Estilo 91.7, Villa Gobernador G\u00e1lvez<\/li>\n\n\n\n<li>Radio La Perla online, Felicia<\/li>\n<\/ul>\n\n\n\n<ul class=\"wp-block-list\">\n<li><strong>SANTIAGO DEL ESTERO<\/strong><\/li>\n\n\n\n<li>Buenos D\u00edas Santiago &#8211; www.buenosdiassantiago.com.ar<\/li>\n\n\n\n<li>FM Milenio 88.9, Capital<\/li>\n<\/ul>\n\n\n\n<ul class=\"wp-block-list\">\n<li><strong>TIERRA DEL FUEGO<\/strong><\/li>\n\n\n\n<li>Yo Argentino &#8211; www.yoargentino.net, Ushuaia<\/li>\n<\/ul>\n\n\n\n<ul class=\"wp-block-list\">\n<li><strong>TUCUM\u00c1N<\/strong><\/li>\n\n\n\n<li>FM Ibat\u00edn 104.3, Montero<\/li>\n\n\n\n<li>FM Libre FM 88.5, Lules<\/li>\n\n\n\n<li>Radio Taf\u00ed 94.5, Taf\u00ed Viejo<\/li>\n\n\n\n<li>La Simoque\u00f1a FM 91.5, Simoca<\/li>\n\n\n\n<li>Radio Portal 91.1, Simoca<\/li>\n\n\n\n<li>FM R\u00edo 102.9, R\u00edo Colorado<\/li>\n\n\n\n<li>Antena Ocho FM 98.1, San Miguel de Tucum\u00e1n<\/li>\n<\/ul>\n\n\n\n<ul class=\"wp-block-list\">\n<li><strong>EN EL EXTERIOR:<\/strong><\/li>\n\n\n\n<li>Radio L\u00edder Bermejo 102.3 &#8211; Bermejo, Bolivia<\/li>\n\n\n\n<li>Onda Deportiva, online- La Paz, Bolivia<\/li>\n\n\n\n<li>Villaverde FM 106.5 &#8211; www.radio.es &#8211; Sevilla, Espa\u00f1a<\/li>\n\n\n\n<li>FM San Lorenzo 94.3 &#8211; Montevideo, Uruguay<\/li>\n\n\n\n<li>RG 98.1 &#8211; Riobamba, Ecuador<\/li>\n\n\n\n<li>Sky Radio 102.1 FM &#8211; Provincia del Carchi, Ecuador<\/li>\n\n\n\n<li>Radio universo 88.3 FM &#8211; Pampas Tayacaja, Huancavelica, Per\u00fa<\/li>\n\n\n\n<li>Kalikanto 98.1 FM &#8211; Sur de Per\u00fa<\/li>\n\n\n\n<li>Radio Inka Tropical 91.3 FM &#8211; Apur\u00edmac, Abancay, Per\u00fa<\/li>\n\n\n\n<li>Poder Sat\u00e9lite, 102.3 FM &#8211; Per\u00fa<\/li>\n\n\n\n<li>Cordillera 107.3 FM &#8211; Cusco, Per\u00fa<\/li>\n\n\n\n<li>Francia Latina, Radio Online &#8211; Francia<\/li>\n\n\n\n<li>Radio Caripito Satelital &#8211; Monagas, Venezuela <\/li>\n<\/ul>\n\n\n\n<div style=\"height:20px\" aria-hidden=\"true\" class=\"wp-block-spacer desktop-only\"><\/div>\n\n\n\n<h3 class=\"wp-block-heading has-text-align-center\">Qu\u00e9 dice los medios que nos retransmiten<\/h3>\n\n\n\n<div class=\"wp-block-columns alignfull are-vertically-aligned-top has-3-columns is-layout-flex wp-container-core-columns-is-layout-9d6595d7 wp-block-columns-is-layout-flex\">\n<div class=\"wp-block-column is-vertically-aligned-top is-layout-flow wp-block-column-is-layout-flow\">\n<blockquote class=\"wp-block-quote is-style-large is-layout-flow wp-block-quote-is-layout-flow\">\n<p>Es muy bueno el trabajo que realizan. Bien completas y din\u00e1micas<\/p>\n<cite>Adri\u00e1n Ribas, Yo Argentino<\/cite><\/blockquote>\n<\/div>\n\n\n\n<div class=\"wp-block-column is-vertically-aligned-top is-layout-flow wp-block-column-is-layout-flow\">\n<blockquote class=\"wp-block-quote has-text-align-left is-style-large is-layout-flow wp-block-quote-is-layout-flow\">\n<p>Hace m\u00e1s de un a\u00f1o que retransmitimos la se\u00f1al y ya se volvieron un cl\u00e1sico de nuestra radio<\/p>\n<cite>Adri\u00e1n Rodr\u00edguez, Radio Taf\u00ed Viejo<\/cite><\/blockquote>\n<\/div>\n\n\n\n<div class=\"wp-block-column is-vertically-aligned-top is-layout-flow wp-block-column-is-layout-flow\">\n<blockquote class=\"wp-block-quote is-style-large is-layout-flow wp-block-quote-is-layout-flow\">\n<p>La gente se re prende al f\u00fatbol. Son muy futboleros ac\u00e1.<\/p>\n<cite>Alberto Gorotiesta, Radio del Sur<\/cite><\/blockquote>\n<\/div>\n<\/div>\n\n\n\n<div style=\"height:32px\" aria-hidden=\"true\" class=\"wp-block-spacer desktop-only\"><\/div>\n\n\n\n<hr class=\"wp-block-separator has-css-opacity is-style-wide\"\/>\n\n\n\n<div style=\"height:32px\" aria-hidden=\"true\" class=\"wp-block-spacer desktop-only\"><\/div>\n\n\n\n<h2 class=\"wp-block-heading has-text-align-center\">Construyamos algo juntos.<\/h2>\n\n\n\n<div class=\"wp-block-button aligncenter\"><a class=\"wp-block-button__link wp-element-button\" href=\"#\">Ponte en contacto con nosotros: produccion@golandpop.com<\/a><\/div>\n\n\n\n<div class=\"wp-block-jetpack-send-a-message\">\n\n<div class=\"wp-block-jetpack-whatsapp-button is-color-dark\"><a class=\"whatsapp-block__button\" href=\"https:\/\/api.whatsapp.com\/send?phone=543515992429\" style=\"background-color:#25D366\" target=\"_blank\" rel=\"noopener noreferrer\">Chat WhatsApp<\/a><\/div>\n\n<\/div>\n\n\n\n<div style=\"height:32px\" aria-hidden=\"true\" class=\"wp-block-spacer desktop-only\"><\/div>\n\n\n\n<hr class=\"wp-block-separator has-css-opacity is-style-wide\"\/>\n","protected":false},"excerpt":{"rendered":"<p>Somos GolandPop, plataforma multimedia que abarca radio, web y redes sociales. Hacemos una cobertura integral de los eventos m\u00e1s importantes del deporte nacional e internacional. Somos los creadores de la Cadena GolandPop, una red colaborativa de contenidos federales, que transmite para m\u00e1s de 80 medios en toda la Argentina, Am\u00e9rica Latina (Uruguay, Bolivia, Ecuador y [&hellip;]<\/p>\n","protected":false},"author":1,"featured_media":0,"parent":0,"menu_order":0,"comment_status":"closed","ping_status":"closed","template":"","meta":{"footnotes":""},"class_list":["post-3796","page","type-page","status-publish","hentry"],"yoast_head":"<!-- This site is optimized with the Yoast SEO plugin v26.1.1 - https:\/\/yoast.com\/wordpress\/plugins\/seo\/ -->\n<title>Acerca de nosotros - Golandpop<\/title>\n<meta name=\"robots\" content=\"index, follow, max-snippet:-1, max-image-preview:large, max-video-preview:-1\" \/>\n<link rel=\"canonical\" href=\"https:\/\/golandpop.com\/index.php\/acerca-de-nosotros\/\" \/>\n<meta property=\"og:locale\" content=\"es_ES\" \/>\n<meta property=\"og:type\" content=\"article\" \/>\n<meta property=\"og:title\" content=\"Acerca de nosotros - Golandpop\" \/>\n<meta property=\"og:description\" content=\"Somos GolandPop, plataforma multimedia que abarca radio, web y redes sociales. Hacemos una cobertura integral de los eventos m\u00e1s importantes del deporte nacional e internacional. Somos los creadores de la Cadena GolandPop, una red colaborativa de contenidos federales, que transmite para m\u00e1s de 80 medios en toda la Argentina, Am\u00e9rica Latina (Uruguay, Bolivia, Ecuador y [&hellip;]\" \/>\n<meta property=\"og:url\" content=\"https:\/\/golandpop.com\/index.php\/acerca-de-nosotros\/\" \/>\n<meta property=\"og:site_name\" content=\"Golandpop\" \/>\n<meta property=\"article:modified_time\" content=\"2026-01-20T21:21:04+00:00\" \/>\n<meta property=\"og:image\" content=\"https:\/\/golandpop.com\/wp-content\/uploads\/2021\/05\/Copia-de-Radio-Centro.jpg\" \/>\n\t<meta property=\"og:image:width\" content=\"1134\" \/>\n\t<meta property=\"og:image:height\" content=\"1606\" \/>\n\t<meta property=\"og:image:type\" content=\"image\/jpeg\" \/>\n<meta name=\"twitter:card\" content=\"summary_large_image\" \/>\n<meta name=\"twitter:site\" content=\"@golandpop\" \/>\n<meta name=\"twitter:label1\" content=\"Tiempo de lectura\" \/>\n\t<meta name=\"twitter:data1\" content=\"4 minutos\" \/>\n<script type=\"application\/ld+json\" class=\"yoast-schema-graph\">{\"@context\":\"https:\/\/schema.org\",\"@graph\":[{\"@type\":\"WebPage\",\"@id\":\"https:\/\/golandpop.com\/index.php\/acerca-de-nosotros\/\",\"url\":\"https:\/\/golandpop.com\/index.php\/acerca-de-nosotros\/\",\"name\":\"Acerca de nosotros - Golandpop\",\"isPartOf\":{\"@id\":\"https:\/\/golandpop.com\/#website\"},\"primaryImageOfPage\":{\"@id\":\"https:\/\/golandpop.com\/index.php\/acerca-de-nosotros\/#primaryimage\"},\"image\":{\"@id\":\"https:\/\/golandpop.com\/index.php\/acerca-de-nosotros\/#primaryimage\"},\"thumbnailUrl\":\"https:\/\/golandpop.com\/wp-content\/uploads\/2021\/05\/Copia-de-Radio-Centro-723x1024.jpg\",\"datePublished\":\"2020-03-05T17:38:39+00:00\",\"dateModified\":\"2026-01-20T21:21:04+00:00\",\"breadcrumb\":{\"@id\":\"https:\/\/golandpop.com\/index.php\/acerca-de-nosotros\/#breadcrumb\"},\"inLanguage\":\"es-AR\",\"potentialAction\":[{\"@type\":\"ReadAction\",\"target\":[\"https:\/\/golandpop.com\/index.php\/acerca-de-nosotros\/\"]}]},{\"@type\":\"ImageObject\",\"inLanguage\":\"es-AR\",\"@id\":\"https:\/\/golandpop.com\/index.php\/acerca-de-nosotros\/#primaryimage\",\"url\":\"https:\/\/golandpop.com\/wp-content\/uploads\/2021\/05\/Copia-de-Radio-Centro.jpg\",\"contentUrl\":\"https:\/\/golandpop.com\/wp-content\/uploads\/2021\/05\/Copia-de-Radio-Centro.jpg\",\"width\":1134,\"height\":1606},{\"@type\":\"BreadcrumbList\",\"@id\":\"https:\/\/golandpop.com\/index.php\/acerca-de-nosotros\/#breadcrumb\",\"itemListElement\":[{\"@type\":\"ListItem\",\"position\":1,\"name\":\"Inicio\",\"item\":\"https:\/\/golandpop.com\/\"},{\"@type\":\"ListItem\",\"position\":2,\"name\":\"Acerca de nosotros\"}]},{\"@type\":\"WebSite\",\"@id\":\"https:\/\/golandpop.com\/#website\",\"url\":\"https:\/\/golandpop.com\/\",\"name\":\"Golandpop\",\"description\":\"\",\"publisher\":{\"@id\":\"https:\/\/golandpop.com\/#organization\"},\"potentialAction\":[{\"@type\":\"SearchAction\",\"target\":{\"@type\":\"EntryPoint\",\"urlTemplate\":\"https:\/\/golandpop.com\/?s={search_term_string}\"},\"query-input\":{\"@type\":\"PropertyValueSpecification\",\"valueRequired\":true,\"valueName\":\"search_term_string\"}}],\"inLanguage\":\"es-AR\"},{\"@type\":\"Organization\",\"@id\":\"https:\/\/golandpop.com\/#organization\",\"name\":\"GolandPop\",\"url\":\"https:\/\/golandpop.com\/\",\"logo\":{\"@type\":\"ImageObject\",\"inLanguage\":\"es-AR\",\"@id\":\"https:\/\/golandpop.com\/#\/schema\/logo\/image\/\",\"url\":\"https:\/\/golandpop.com\/wp-content\/uploads\/2020\/04\/favicon_gol_pop.png\",\"contentUrl\":\"https:\/\/golandpop.com\/wp-content\/uploads\/2020\/04\/favicon_gol_pop.png\",\"width\":246,\"height\":246,\"caption\":\"GolandPop\"},\"image\":{\"@id\":\"https:\/\/golandpop.com\/#\/schema\/logo\/image\/\"},\"sameAs\":[\"https:\/\/x.com\/golandpop\",\"https:\/\/www.instagram.com\/golandpopcordoba\/\"]}]}<\/script>\n<!-- \/ Yoast SEO plugin. -->","yoast_head_json":{"title":"Acerca de nosotros - Golandpop","robots":{"index":"index","follow":"follow","max-snippet":"max-snippet:-1","max-image-preview":"max-image-preview:large","max-video-preview":"max-video-preview:-1"},"canonical":"https:\/\/golandpop.com\/index.php\/acerca-de-nosotros\/","og_locale":"es_ES","og_type":"article","og_title":"Acerca de nosotros - Golandpop","og_description":"Somos GolandPop, plataforma multimedia que abarca radio, web y redes sociales. Hacemos una cobertura integral de los eventos m\u00e1s importantes del deporte nacional e internacional. Somos los creadores de la Cadena GolandPop, una red colaborativa de contenidos federales, que transmite para m\u00e1s de 80 medios en toda la Argentina, Am\u00e9rica Latina (Uruguay, Bolivia, Ecuador y [&hellip;]","og_url":"https:\/\/golandpop.com\/index.php\/acerca-de-nosotros\/","og_site_name":"Golandpop","article_modified_time":"2026-01-20T21:21:04+00:00","og_image":[{"width":1134,"height":1606,"url":"https:\/\/golandpop.com\/wp-content\/uploads\/2021\/05\/Copia-de-Radio-Centro.jpg","type":"image\/jpeg"}],"twitter_card":"summary_large_image","twitter_site":"@golandpop","twitter_misc":{"Tiempo de lectura":"4 minutos"},"schema":{"@context":"https:\/\/schema.org","@graph":[{"@type":"WebPage","@id":"https:\/\/golandpop.com\/index.php\/acerca-de-nosotros\/","url":"https:\/\/golandpop.com\/index.php\/acerca-de-nosotros\/","name":"Acerca de nosotros - Golandpop","isPartOf":{"@id":"https:\/\/golandpop.com\/#website"},"primaryImageOfPage":{"@id":"https:\/\/golandpop.com\/index.php\/acerca-de-nosotros\/#primaryimage"},"image":{"@id":"https:\/\/golandpop.com\/index.php\/acerca-de-nosotros\/#primaryimage"},"thumbnailUrl":"https:\/\/golandpop.com\/wp-content\/uploads\/2021\/05\/Copia-de-Radio-Centro-723x1024.jpg","datePublished":"2020-03-05T17:38:39+00:00","dateModified":"2026-01-20T21:21:04+00:00","breadcrumb":{"@id":"https:\/\/golandpop.com\/index.php\/acerca-de-nosotros\/#breadcrumb"},"inLanguage":"es-AR","potentialAction":[{"@type":"ReadAction","target":["https:\/\/golandpop.com\/index.php\/acerca-de-nosotros\/"]}]},{"@type":"ImageObject","inLanguage":"es-AR","@id":"https:\/\/golandpop.com\/index.php\/acerca-de-nosotros\/#primaryimage","url":"https:\/\/golandpop.com\/wp-content\/uploads\/2021\/05\/Copia-de-Radio-Centro.jpg","contentUrl":"https:\/\/golandpop.com\/wp-content\/uploads\/2021\/05\/Copia-de-Radio-Centro.jpg","width":1134,"height":1606},{"@type":"BreadcrumbList","@id":"https:\/\/golandpop.com\/index.php\/acerca-de-nosotros\/#breadcrumb","itemListElement":[{"@type":"ListItem","position":1,"name":"Inicio","item":"https:\/\/golandpop.com\/"},{"@type":"ListItem","position":2,"name":"Acerca de nosotros"}]},{"@type":"WebSite","@id":"https:\/\/golandpop.com\/#website","url":"https:\/\/golandpop.com\/","name":"Golandpop","description":"","publisher":{"@id":"https:\/\/golandpop.com\/#organization"},"potentialAction":[{"@type":"SearchAction","target":{"@type":"EntryPoint","urlTemplate":"https:\/\/golandpop.com\/?s={search_term_string}"},"query-input":{"@type":"PropertyValueSpecification","valueRequired":true,"valueName":"search_term_string"}}],"inLanguage":"es-AR"},{"@type":"Organization","@id":"https:\/\/golandpop.com\/#organization","name":"GolandPop","url":"https:\/\/golandpop.com\/","logo":{"@type":"ImageObject","inLanguage":"es-AR","@id":"https:\/\/golandpop.com\/#\/schema\/logo\/image\/","url":"https:\/\/golandpop.com\/wp-content\/uploads\/2020\/04\/favicon_gol_pop.png","contentUrl":"https:\/\/golandpop.com\/wp-content\/uploads\/2020\/04\/favicon_gol_pop.png","width":246,"height":246,"caption":"GolandPop"},"image":{"@id":"https:\/\/golandpop.com\/#\/schema\/logo\/image\/"},"sameAs":["https:\/\/x.com\/golandpop","https:\/\/www.instagram.com\/golandpopcordoba\/"]}]}},"_links":{"self":[{"href":"https:\/\/golandpop.com\/index.php\/wp-json\/wp\/v2\/pages\/3796","targetHints":{"allow":["GET"]}}],"collection":[{"href":"https:\/\/golandpop.com\/index.php\/wp-json\/wp\/v2\/pages"}],"about":[{"href":"https:\/\/golandpop.com\/index.php\/wp-json\/wp\/v2\/types\/page"}],"author":[{"embeddable":true,"href":"https:\/\/golandpop.com\/index.php\/wp-json\/wp\/v2\/users\/1"}],"replies":[{"embeddable":true,"href":"https:\/\/golandpop.com\/index.php\/wp-json\/wp\/v2\/comments?post=3796"}],"version-history":[{"count":78,"href":"https:\/\/golandpop.com\/index.php\/wp-json\/wp\/v2\/pages\/3796\/revisions"}],"predecessor-version":[{"id":27824,"href":"https:\/\/golandpop.com\/index.php\/wp-json\/wp\/v2\/pages\/3796\/revisions\/27824"}],"wp:attachment":[{"href":"https:\/\/golandpop.com\/index.php\/wp-json\/wp\/v2\/media?parent=3796"}],"curies":[{"name":"wp","href":"https:\/\/api.w.org\/{rel}","templated":true}]}}